{"id":51,"date":"2013-04-28T09:55:53","date_gmt":"2013-04-28T09:55:53","guid":{"rendered":"http:\/\/irip.sdsu.edu\/?page_id=51"},"modified":"2016-01-06T21:28:12","modified_gmt":"2016-01-06T21:28:12","slug":"opportunity-in-marseille","status":"publish","type":"page","link":"https:\/\/irip.sdsu.edu\/?page_id=51","title":{"rendered":"Opportunities in Marseille"},"content":{"rendered":"<h1 style=\"text-align: center;\"><span style=\"color: #4989c7;\">ECOLOGICAL FUNCTIONING AND CLIMATE CHANGES<br \/>\nin Marseille<br \/>\n<\/span><\/h1>\n<h4 style=\"text-align: center;\"><span style=\"color: #000000;\"><strong>Three opportunities for SDSU undergraduate and graduate students<\/strong><\/span><span style=\"text-decoration: underline;\"><br \/>\n<\/span><\/h4>\n<p><strong>Subject 1): Soil carbon storage in Mediterranean forests: toward a precise evaluation<\/strong><\/p>\n<p><strong>e-mail<\/strong>: <a href=\"mailto:thierry.gauquelin@imbe.fr\">thierry.gauquelin@imbe.fr<\/a>; ilja.reiter@oamp.fr<\/p>\n<p><strong>Supervisors<\/strong>: Thierry Gauquelin (full professor Aix Marseille University); Ilja Reiter (Research engineer, CNRS)<\/p>\n<p><strong>Funding<\/strong>: ANR Sec-Prime2<\/p>\n<p><strong>Keywords<\/strong>: carbon storage, soil, Mediterranean, forests, climate change, tree roots<\/p>\n<p><strong>Summary<\/strong><\/p>\n<p>The total ecosystem carbon (C) stock is large and in dynamic equilibrium with its environment. On earth, three main reservoirs regulate the carbon cycle: the oceans with 38,000 Pg C, the atmosphere with 750 Pg C, and the terrestrial systems with 2,200 Pg C (IPCC, 1990). Carbon Capture and Sequestration (CCS) is the process of capturing carbon at its source and storing it before it is released into the atmosphere. CCS would then reduce the amount of CO<sub>2 <\/sub>emitted into the atmosphere despite the continued use of fossil fuels. Most world\u2019s terrestrial C and N is contained in soil and especially in forest soils. Increasing CO<sub>2<\/sub> concentration in the atmosphere could change the carbon storage in soil as suggested by the third assessment report from the intergovernmental panel of climate change (IPCC 2001). It has been underlined that increasing CO<sub>2<\/sub> in the atmosphere could alone cause 350 to 890 Pg of carbon to accumulate in the terrestrial biosphere by 2100.\u00a0 Maintaining the capacity of soil to store carbon is then essential to enhance soil quality, sustain and improve the forest production and reduce the atmospheric CO<sub>2<\/sub>. However, the carbon stock in the biosphere remains highly uncertain, especially in forest environments, due to the methodological problems for its evaluation. In the O<sub>3<\/sub>HP experimental site, we propose that the student investigates this soil carbon stock. A wide trench will be carried out in the forest floor in order to investigate different forms of carbon in the different soil levels in close relation with vegetation and tree structure. The student will be supervised by a CNRS researcher, an AMU professor, and will also closely work with one technician from IMBE. He \/ she will acquire techniques related to pedology, plant ecology and chemical ecology. The student will benefit from the expertise of the team on this issue over the last twenty years and funding from an ANR-Sec Prime2 project. The student will benefit from the sampling system required for this study. The measurements will be carried at the O<sub>3<\/sub>HP site and in the laboratory and the main model species will be Downy Oak. The work to be conducted requires interdisciplinary training in ecology and\/or biology, and\/or chemistry.<\/p>\n<p>&nbsp;<\/p>\n<p>For more information about the O<sub>3<\/sub>HP site and the funding project see <a href=\"http:\/\/www.francetvinfo.fr\/france\/rechauffement-climatique-une-equipe-de-chercheurs-du-cnrs-s-interesse-aux-chenes-blancs_1065745.html\">http:\/\/www.francetvinfo.fr\/france\/rechauffement-climatique-une-equipe-de-chercheurs-du-cnrs-s-interesse-aux-chenes-blancs_1065745.html<\/a><\/p>\n<p><u>https:\/\/o3hp.obs-hp.fr\/index.php\/en\/research\/projects\/126-secprime-anr-blanc-2012-tabs<\/u><\/p>\n<p><a href=\"https:\/\/irip.sdsu.edu\/wp-content\/uploads\/ohp-marseille.jpg\"><img loading=\"lazy\" decoding=\"async\" class=\"size-medium wp-image-229 aligncenter\" src=\"https:\/\/irip.sdsu.edu\/wp-content\/uploads\/ohp-marseille-300x130.jpg\" alt=\"ohp marseille\" width=\"300\" height=\"130\" srcset=\"https:\/\/irip.sdsu.edu\/wp-content\/uploads\/ohp-marseille-300x130.jpg 300w, https:\/\/irip.sdsu.edu\/wp-content\/uploads\/ohp-marseille-500x217.jpg 500w, https:\/\/irip.sdsu.edu\/wp-content\/uploads\/ohp-marseille.jpg 730w\" sizes=\"auto, (max-width: 300px) 100vw, 300px\" \/><\/a><\/p>\n<p><strong>Subject 2): Intensification of water scarcity in a Mediterranean shrub ecosystem: impact on litter flammability through modification of litter chemistry <\/strong><\/p>\n<p>Litter plays a major role in fire risk as a fuel in terrestrial ecosystems. Its flammability is widely recognized to vary according to its physical traits while a few research has tackled the impact of litter chemistry on fire risk. Mediterranean species, and so their litter, feature important amounts of hydrocarbon-like metabolites in their plant material, issued from both primary metabolism (waxes) and\u00a0 secondary metabolism (terpenes). Under low litter humidity contents, these metabolites increase litter flammability own to their physical properties including a relatively low auto-ignition temperature and low flash points. Since production of these metabolites is significantly driven by water availability, intensification of water could modify litter flammability in these ecosystems, with a presumable exacerbation of their flammability.<\/p>\n<p><strong>e-mail<\/strong>:\u00a0 <a href=\"mailto:elena.ormeno-lafuente@imbe.fr\">elena.ormeno-lafuente@imbe.fr<\/a><\/p>\n<p><strong>Supervisors<\/strong>: Elena Ormeno (research scientist CNRS)<\/p>\n<p><strong>Subject 3):\u00a0Hydrocarbure emissions from Mediterranean species: ecophysiological benefits for plant communities\u00a0 \u00a0<\/strong><\/p>\n<p><strong>e-mail<\/strong>:\u00a0 <a href=\"mailto:elena.ormeno-lafuente@imbe.fr\">elena.ormeno-lafuente@imbe.fr<\/a> ; <a href=\"mailto:catherine.fernandez@imbe.fr\">catherine.fernandez@imbe.fr<\/a>; amelie.saunier@imbe.fr<\/p>\n<p><strong>Supervisors<\/strong>: Elena Ormeno (research scientist CNRS), Catherine Fernandez (Pr AMU), Am\u00e9lie Saunier (PhD)<\/p>\n<p><strong>Funding<\/strong>: ANR Sec-Prime2 (http:\/\/secprime.imbe.fr\/)<\/p>\n<p><strong>Keywords<\/strong>: Biogenic volatile organic compounds; chemical ecology; ecophysiology; allelopathy; defense metabolites.<\/p>\n<p><strong>Summary<\/strong><\/p>\n<p>On a global scale, biogenic sources (especially vegetation) are the main emitters of volatile hydrocarbons, and clearly outstrip anthropogenic sources, which only contribute to 10% of the total hydrocarbons in the atmosphere. These hydrocarbons &#8211; known as biogenic volatile organic compounds (BVOC) &#8211; are found both, in the plant tissues and in the atmosphere where they play many roles in the environment. Issued from plant\u00a0 secondary metabolism, BVOC protect the emitter species from abiotic and biotic pressures. Their impact on the formation of secondary pollutants and climate has also been proven through numerous studies conducted since the 80\u2019. However, the effect of atmospheric BVOC on individuals featuring poor BVOC emissions remains to be explored. These metabolites, once transported through the atmosphere are partly deposited on vegetation, and can bring benefits to neighboring species or individuals through their antioxidant properties. In this context, the objectives of the present study are to: (1) test the ecophysiological response of low-emitting individuals (due to abiotic stresses) growing in a BVOC-enriched atmosphere; (2) assess this response under various abiotic stresses (heating and \/or water scarcity). The student will be supervised by a CNRS researcher, an AMU professor, and will also closely work with two technicians, one master thesis student and one PhD student. He \/ she will acquire techniques related to plant ecology, ecophysiology and chemical ecology. The student will benefit from the expertise of the team on this issue over the last twenty years and funding from an ANR-Sec Prime2 project. The student will benefit from the sampling system required for this study which has been created in 2014-2015 in the laboratory. The experiments will be carried at the O<sub>3<\/sub>HP site and in the laboratory and the main model species will be Downy Oak. The work to be conducted requires interdisciplinary training in ecology and\/or biology, and\/or chemistry.<\/p>\n<p>For more information about the O<sub>3<\/sub>HP site and the funding project see <a href=\"http:\/\/www.francetvinfo.fr\/france\/rechauffement-climatique-une-equipe-de-chercheurs-du-cnrs-s-interesse-aux-chenes-blancs_1065745.html\">http:\/\/www.francetvinfo.fr\/france\/rechauffement-climatique-une-equipe-de-chercheurs-du-cnrs-s-interesse-aux-chenes-blancs_1065745.html<\/a><\/p>\n<p><u>https:\/\/o3hp.obs-hp.fr\/index.php\/en\/research\/projects\/126-secprime-anr-blanc-2012-tabs<\/u><\/p>\n<h4>For more information about the programs contact the following persons:<\/h4>\n<p><a title=\"Thierry Gauchelin\" href=\"http:\/\/www.imep-cnrs.com\/fiches\/gauquelin\/gauqu.htm\" target=\"_blank\"><strong>Prof. Thierry GAUQUELIN<\/strong><\/a><\/p>\n<p>Equipe Diversit\u00e9 et Fonctionnement des Mol\u00e9cules aux Ecosyst\u00e8mes<br \/>\nInstitut M\u00e9diterran\u00e9en de Biodiversit\u00e9 et d\u2019Ecologie UMR 7263 CNRS, 237 IRD.<br \/>\nUniversit\u00e9 d&#8217;Aix-Marseille<br \/>\nCentre Saint Charles \u2013 Case 4<br \/>\nB\u00e2timent Sciences Naturelles \u2013 1er \u00e9tage<br \/>\n3, place Victor Hugo<br \/>\n13331 Marseille Cedex 03<br \/>\nFrance<\/p>\n<p><a title=\"Catherine Fernandez IMBE\" href=\"http:\/\/www.imep-cnrs.com\/fiches\/fernandz\/fernandz.htm\" target=\"_blank\"><strong>Prof. Catherine FERNANDEZ<br \/>\n<\/strong><\/a><br \/>\nAix Marseille Universit\u00e9 Institut M\u00e9diterran\u00e9en<br \/>\nde Biodiversit\u00e9 et d\u2019Ecologie UMR CNRS 7263<br \/>\nEquipe \u00ab Diversit\u00e9 et Fonctionnnement :<br \/>\ndes Mol\u00e9cules aux Ecosyst\u00e8mes \u00bb<br \/>\nCampus St Charles Cases 4 3<br \/>\nplace Victor Hugo<br \/>\n13331 Marseille cedex 3<br \/>\nTel : +33(0)4-13-55-12-22<br \/>\nFrance<\/p>\n<p>Responsable de l\u2019\u00e9quipe DFME de l\u2019IMBE : <a title=\"imbe website\" href=\"http:\/\/www.imbe.fr\" target=\"_blank\">www.imbe.fr<\/a><br \/>\nInstitut M\u00e9diterran\u00e9en de Biodiversit\u00e9<br \/>\net d\u2019Ecologie marine et continentale.<\/p>\n<p>&nbsp;<\/p>\n","protected":false},"excerpt":{"rendered":"<p>ECOLOGICAL FUNCTIONING AND CLIMATE CHANGES in Marseille Three opportunities for SDSU undergraduate and graduate students Subject 1): Soil carbon storage in Mediterranean forests: toward a precise evaluation e-mail: thierry.gauquelin@imbe.fr; ilja.reiter@oamp.fr Supervisors: Thierry Gauquelin (full professor Aix Marseille University); Ilja Reiter &hellip; <a href=\"https:\/\/irip.sdsu.edu\/?page_id=51\">Continue reading <span class=\"meta-nav\">&rarr;<\/span><\/a><\/p>\n","protected":false},"author":3,"featured_media":0,"parent":0,"menu_order":0,"comment_status":"closed","ping_status":"closed","template":"","meta":{"footnotes":""},"class_list":["post-51","page","type-page","status-publish","hentry"],"_links":{"self":[{"href":"https:\/\/irip.sdsu.edu\/index.php?rest_route=\/wp\/v2\/pages\/51","targetHints":{"allow":["GET"]}}],"collection":[{"href":"https:\/\/irip.sdsu.edu\/index.php?rest_route=\/wp\/v2\/pages"}],"about":[{"href":"https:\/\/irip.sdsu.edu\/index.php?rest_route=\/wp\/v2\/types\/page"}],"author":[{"embeddable":true,"href":"https:\/\/irip.sdsu.edu\/index.php?rest_route=\/wp\/v2\/users\/3"}],"replies":[{"embeddable":true,"href":"https:\/\/irip.sdsu.edu\/index.php?rest_route=%2Fwp%2Fv2%2Fcomments&post=51"}],"version-history":[{"count":37,"href":"https:\/\/irip.sdsu.edu\/index.php?rest_route=\/wp\/v2\/pages\/51\/revisions"}],"predecessor-version":[{"id":394,"href":"https:\/\/irip.sdsu.edu\/index.php?rest_route=\/wp\/v2\/pages\/51\/revisions\/394"}],"wp:attachment":[{"href":"https:\/\/irip.sdsu.edu\/index.php?rest_route=%2Fwp%2Fv2%2Fmedia&parent=51"}],"curies":[{"name":"wp","href":"https:\/\/api.w.org\/{rel}","templated":true}]}}